{"id":1482,"date":"2020-08-14T13:40:50","date_gmt":"2020-08-14T11:40:50","guid":{"rendered":"https:\/\/oddadigitalsystem.no\/?page_id=1482"},"modified":"2020-10-14T14:03:30","modified_gmt":"2020-10-14T12:03:30","slug":"visual-document","status":"publish","type":"page","link":"https:\/\/oddadigitalsystem.no\/nb\/visual-document\/","title":{"rendered":"Visual Document"},"content":{"rendered":"<div data-elementor-type=\"wp-page\" data-elementor-id=\"1482\" class=\"elementor elementor-1482\">\n\t\t\t\t\t\t<div class=\"elementor-inner\">\n\t\t\t\t<div class=\"elementor-section-wrap\">\n\t\t\t\t\t\t\t\t\t<section class=\"elementor-section elementor-top-section elementor-element elementor-element-97fdf6c elementor-section-content-middle elementor-section-boxed elementor-section-height-default elementor-section-height-default\" data-id=\"97fdf6c\" data-element_type=\"section\" data-settings=\"{&quot;background_background&quot;:&quot;classic&quot;}\">\n\t\t\t\t\t\t<div class=\"elementor-container elementor-column-gap-no\">\n\t\t\t\t\t\t\t<div class=\"elementor-row\">\n\t\t\t\t\t<div class=\"elementor-column elementor-col-50 elementor-top-column elementor-element elementor-element-6f4fcd9\" data-id=\"6f4fcd9\" data-element_type=\"column\">\n\t\t\t<div class=\"elementor-column-wrap elementor-element-populated\">\n\t\t\t\t\t\t\t<div class=\"elementor-widget-wrap\">\n\t\t\t\t\t\t<div class=\"elementor-element elementor-element-f6c03c1 elementor-widget elementor-widget-heading\" data-id=\"f6c03c1\" data-element_type=\"widget\" data-widget_type=\"heading.default\">\n\t\t\t\t<div class=\"elementor-widget-container\">\n\t\t\t<h2 class=\"elementor-heading-title elementor-size-default\">Visual Document<\/h2>\t\t<\/div>\n\t\t\t\t<\/div>\n\t\t\t\t<div class=\"elementor-element elementor-element-d0981a9 elementor-widget elementor-widget-text-editor\" data-id=\"d0981a9\" data-element_type=\"widget\" data-widget_type=\"text-editor.default\">\n\t\t\t\t<div class=\"elementor-widget-container\">\n\t\t\t\t\t\t\t\t<div class=\"elementor-text-editor elementor-clearfix\">\n\t\t\t\t<ul>\n<li class=\"elementor-image-box-description\">Forbedre arbeidsflyten din med en ny m\u00e5te \u00e5 organisere innholdet ditt p\u00e5<\/li>\n<li class=\"elementor-image-box-description\">Smarte funksjoner for \u00e5 effektivisere intensivt dokumentarbeid<\/li>\n<li>Revisjonsh\u00e5ndtering<\/li>\n<li>Full integrasjon med produksjon eller prosjekt aktiviter<\/li>\n<li>Sporing av dokumentene dine gjennom hele levetiden<\/li><li>Grunnlaget for \u00e5 kunne generere \"as-built\" dokumentasjon<\/li>\n<\/ul>\t\t\t\t\t<\/div>\n\t\t\t\t\t\t<\/div>\n\t\t\t\t<\/div>\n\t\t\t\t<div class=\"elementor-element elementor-element-e9ae4f9 elementor-widget elementor-widget-button\" data-id=\"e9ae4f9\" data-element_type=\"widget\" data-widget_type=\"button.default\">\n\t\t\t\t<div class=\"elementor-widget-container\">\n\t\t\t\t\t<div class=\"elementor-button-wrapper\">\n\t\t\t<a href=\"\/nb\/#contact\" class=\"elementor-button-link elementor-button elementor-size-sm\" role=\"button\">\n\t\t\t\t\t\t<span class=\"elementor-button-content-wrapper\">\n\t\t\t\t\t\t\t<span class=\"elementor-button-icon elementor-align-icon-right\">\n\t\t\t\t<i aria-hidden=\"true\" class=\"bestfreebie  mdi mdi-subdirectory-arrow-right\"><\/i>\t\t\t<\/span>\n\t\t\t\t\t\t<span class=\"elementor-button-text\">Kontakt oss<\/span>\n\t\t<\/span>\n\t\t\t\t\t<\/a>\n\t\t<\/div>\n\t\t\t\t<\/div>\n\t\t\t\t<\/div>\n\t\t\t\t\t\t<\/div>\n\t\t\t\t\t<\/div>\n\t\t<\/div>\n\t\t\t\t<div class=\"elementor-column elementor-col-50 elementor-top-column elementor-element elementor-element-72ddb69\" data-id=\"72ddb69\" data-element_type=\"column\" data-settings=\"{&quot;background_background&quot;:&quot;classic&quot;}\">\n\t\t\t<div class=\"elementor-column-wrap elementor-element-populated\">\n\t\t\t\t\t<div class=\"elementor-background-overlay\"><\/div>\n\t\t\t\t\t\t\t<div class=\"elementor-widget-wrap\">\n\t\t\t\t\t\t<div class=\"elementor-element elementor-element-9743ac1 elementor-widget elementor-widget-image\" data-id=\"9743ac1\" data-element_type=\"widget\" data-widget_type=\"image.default\">\n\t\t\t\t<div class=\"elementor-widget-container\">\n\t\t\t\t\t\t\t\t<div class=\"elementor-image\">\n\t\t\t\t\t\t\t\t\t\t\t\t<img width=\"1084\" height=\"842\" src=\"https:\/\/oddadigitalsystem.no\/wp-content\/uploads\/2020\/07\/vds-1.png\" class=\"attachment-full size-full wp-image-663\" alt=\"Visual Document Logo\" loading=\"lazy\" srcset=\"https:\/\/oddadigitalsystem.no\/wp-content\/uploads\/2020\/07\/vds-1.png 1084w, https:\/\/oddadigitalsystem.no\/wp-content\/uploads\/2020\/07\/vds-1-300x233.png 300w, https:\/\/oddadigitalsystem.no\/wp-content\/uploads\/2020\/07\/vds-1-1024x795.png 1024w, https:\/\/oddadigitalsystem.no\/wp-content\/uploads\/2020\/07\/vds-1-768x597.png 768w, https:\/\/oddadigitalsystem.no\/wp-content\/uploads\/2020\/07\/vds-1-830x645.png 830w, https:\/\/oddadigitalsystem.no\/wp-content\/uploads\/2020\/07\/vds-1-230x179.png 230w, https:\/\/oddadigitalsystem.no\/wp-content\/uploads\/2020\/07\/vds-1-350x272.png 350w, https:\/\/oddadigitalsystem.no\/wp-content\/uploads\/2020\/07\/vds-1-480x373.png 480w\" sizes=\"(max-width: 1084px) 100vw, 1084px\" \/>\t\t\t\t\t\t\t\t\t\t\t\t\t\t<\/div>\n\t\t\t\t\t\t<\/div>\n\t\t\t\t<\/div>\n\t\t\t\t\t\t<\/div>\n\t\t\t\t\t<\/div>\n\t\t<\/div>\n\t\t\t\t\t\t\t\t<\/div>\n\t\t\t\t\t<\/div>\n\t\t<\/section>\n\t\t\t\t<section class=\"elementor-section elementor-top-section elementor-element elementor-element-29968f0 elementor-section-height-min-height elementor-section-boxed elementor-section-height-default elementor-section-items-middle\" data-id=\"29968f0\" data-element_type=\"section\">\n\t\t\t\t\t\t<div class=\"elementor-container elementor-column-gap-default\">\n\t\t\t\t\t\t\t<div class=\"elementor-row\">\n\t\t\t\t\t<div class=\"elementor-column elementor-col-100 elementor-top-column elementor-element elementor-element-37ac6e6\" data-id=\"37ac6e6\" data-element_type=\"column\">\n\t\t\t<div class=\"elementor-column-wrap elementor-element-populated\">\n\t\t\t\t\t\t\t<div class=\"elementor-widget-wrap\">\n\t\t\t\t\t\t<div class=\"elementor-element elementor-element-49a014a elementor-widget elementor-widget-image\" data-id=\"49a014a\" data-element_type=\"widget\" data-widget_type=\"image.default\">\n\t\t\t\t<div class=\"elementor-widget-container\">\n\t\t\t\t\t\t\t\t<div class=\"elementor-image\">\n\t\t\t\t\t\t\t\t\t\t\t\t<img width=\"1024\" height=\"489\" src=\"https:\/\/oddadigitalsystem.no\/wp-content\/uploads\/2020\/08\/screely-1597409408173-1024x489.png\" class=\"attachment-large size-large wp-image-1511\" alt=\"\" loading=\"lazy\" srcset=\"https:\/\/oddadigitalsystem.no\/wp-content\/uploads\/2020\/08\/screely-1597409408173-1024x489.png 1024w, https:\/\/oddadigitalsystem.no\/wp-content\/uploads\/2020\/08\/screely-1597409408173-300x143.png 300w, https:\/\/oddadigitalsystem.no\/wp-content\/uploads\/2020\/08\/screely-1597409408173-768x366.png 768w, https:\/\/oddadigitalsystem.no\/wp-content\/uploads\/2020\/08\/screely-1597409408173-1536x733.png 1536w, https:\/\/oddadigitalsystem.no\/wp-content\/uploads\/2020\/08\/screely-1597409408173.png 1905w\" sizes=\"(max-width: 1024px) 100vw, 1024px\" \/>\t\t\t\t\t\t\t\t\t\t\t\t\t\t<\/div>\n\t\t\t\t\t\t<\/div>\n\t\t\t\t<\/div>\n\t\t\t\t\t\t<\/div>\n\t\t\t\t\t<\/div>\n\t\t<\/div>\n\t\t\t\t\t\t\t\t<\/div>\n\t\t\t\t\t<\/div>\n\t\t<\/section>\n\t\t\t\t<section class=\"elementor-section elementor-top-section elementor-element elementor-element-2029d58 elementor-section-height-min-height elementor-section-boxed elementor-section-height-default elementor-section-items-middle\" data-id=\"2029d58\" data-element_type=\"section\" data-settings=\"{&quot;background_background&quot;:&quot;classic&quot;}\">\n\t\t\t\t\t\t<div class=\"elementor-container elementor-column-gap-no\">\n\t\t\t\t\t\t\t<div class=\"elementor-row\">\n\t\t\t\t\t<div class=\"elementor-column elementor-col-100 elementor-top-column elementor-element elementor-element-9e45462\" data-id=\"9e45462\" data-element_type=\"column\">\n\t\t\t<div class=\"elementor-column-wrap elementor-element-populated\">\n\t\t\t\t\t\t\t<div class=\"elementor-widget-wrap\">\n\t\t\t\t\t\t<section class=\"elementor-section elementor-inner-section elementor-element elementor-element-bc63aa8 elementor-section-content-middle elementor-section-full_width elementor-section-height-default elementor-section-height-default\" data-id=\"bc63aa8\" data-element_type=\"section\">\n\t\t\t\t\t\t<div class=\"elementor-container elementor-column-gap-default\">\n\t\t\t\t\t\t\t<div class=\"elementor-row\">\n\t\t\t\t\t<div class=\"elementor-column elementor-col-33 elementor-inner-column elementor-element elementor-element-a8cb944\" data-id=\"a8cb944\" data-element_type=\"column\">\n\t\t\t<div class=\"elementor-column-wrap\">\n\t\t\t\t\t\t\t<div class=\"elementor-widget-wrap\">\n\t\t\t\t\t\t\t\t<\/div>\n\t\t\t\t\t<\/div>\n\t\t<\/div>\n\t\t\t\t<div class=\"elementor-column elementor-col-33 elementor-inner-column elementor-element elementor-element-3208b6b\" data-id=\"3208b6b\" data-element_type=\"column\">\n\t\t\t<div class=\"elementor-column-wrap elementor-element-populated\">\n\t\t\t\t\t\t\t<div class=\"elementor-widget-wrap\">\n\t\t\t\t\t\t<div class=\"elementor-element elementor-element-b466567 elementor-widget elementor-widget-heading\" data-id=\"b466567\" data-element_type=\"widget\" data-widget_type=\"heading.default\">\n\t\t\t\t<div class=\"elementor-widget-container\">\n\t\t\t<h6 class=\"elementor-heading-title elementor-size-default\">Powered by<\/h6>\t\t<\/div>\n\t\t\t\t<\/div>\n\t\t\t\t<div class=\"elementor-element elementor-element-cfd97e7 elementor-position-right elementor-vertical-align-top elementor-widget elementor-widget-image-box\" data-id=\"cfd97e7\" data-element_type=\"widget\" data-widget_type=\"image-box.default\">\n\t\t\t\t<div class=\"elementor-widget-container\">\n\t\t\t<div class=\"elementor-image-box-wrapper\"><figure class=\"elementor-image-box-img\"><img width=\"1200\" height=\"348\" src=\"https:\/\/oddadigitalsystem.no\/wp-content\/uploads\/2020\/08\/1200px-Alfresco-logo.svg.png\" class=\"attachment-full size-full wp-image-1534\" alt=\"\" loading=\"lazy\" srcset=\"https:\/\/oddadigitalsystem.no\/wp-content\/uploads\/2020\/08\/1200px-Alfresco-logo.svg.png 1200w, https:\/\/oddadigitalsystem.no\/wp-content\/uploads\/2020\/08\/1200px-Alfresco-logo.svg-300x87.png 300w, https:\/\/oddadigitalsystem.no\/wp-content\/uploads\/2020\/08\/1200px-Alfresco-logo.svg-1024x297.png 1024w, https:\/\/oddadigitalsystem.no\/wp-content\/uploads\/2020\/08\/1200px-Alfresco-logo.svg-768x223.png 768w\" sizes=\"(max-width: 1200px) 100vw, 1200px\" \/><\/figure><\/div>\t\t<\/div>\n\t\t\t\t<\/div>\n\t\t\t\t\t\t<\/div>\n\t\t\t\t\t<\/div>\n\t\t<\/div>\n\t\t\t\t<div class=\"elementor-column elementor-col-33 elementor-inner-column elementor-element elementor-element-007bbbf\" data-id=\"007bbbf\" data-element_type=\"column\">\n\t\t\t<div class=\"elementor-column-wrap\">\n\t\t\t\t\t\t\t<div class=\"elementor-widget-wrap\">\n\t\t\t\t\t\t\t\t<\/div>\n\t\t\t\t\t<\/div>\n\t\t<\/div>\n\t\t\t\t\t\t\t\t<\/div>\n\t\t\t\t\t<\/div>\n\t\t<\/section>\n\t\t\t\t\t\t<\/div>\n\t\t\t\t\t<\/div>\n\t\t<\/div>\n\t\t\t\t\t\t\t\t<\/div>\n\t\t\t\t\t<\/div>\n\t\t<\/section>\n\t\t\t\t\t\t\t\t\t<\/div>\n\t\t\t<\/div>\n\t\t\t\t\t<\/div>","protected":false},"excerpt":{"rendered":"<p>Visual Document Improve your workflow with a new way to organize content Bring powerful capabilities to your intensive document work Revision handling Full integration with production or project activities. Keep track of the document lifecycle The basis for having as-built documentation Contact us Powered by<\/p>","protected":false},"author":2,"featured_media":0,"parent":0,"menu_order":0,"comment_status":"closed","ping_status":"closed","template":"","meta":{"site-sidebar-layout":"no-sidebar","site-content-layout":"page-builder","ast-site-content-layout":"","site-content-style":"default","site-sidebar-style":"default","ast-global-header-display":"","ast-banner-title-visibility":"","ast-main-header-display":"","ast-hfb-above-header-display":"","ast-hfb-below-header-display":"","ast-hfb-mobile-header-display":"","site-post-title":"disabled","ast-breadcrumbs-content":"","ast-featured-img":"disabled","footer-sml-layout":"","theme-transparent-header-meta":"disabled","adv-header-id-meta":"","stick-header-meta":"default","header-above-stick-meta":"","header-main-stick-meta":"","header-below-stick-meta":"","astra-migrate-meta-layouts":"default","ast-page-background-enabled":"default","ast-page-background-meta":{"desktop":{"background-color":"","background-image":"","background-repeat":"repeat","background-position":"center center","background-size":"auto","background-attachment":"scroll","background-type":"","background-media":"","overlay-type":"","overlay-color":"","overlay-opacity":"","overlay-gradient":""},"tablet":{"background-color":"","background-image":"","background-repeat":"repeat","background-position":"center center","background-size":"auto","background-attachment":"scroll","background-type":"","background-media":"","overlay-type":"","overlay-color":"","overlay-opacity":"","overlay-gradient":""},"mobile":{"background-color":"","background-image":"","background-repeat":"repeat","background-position":"center center","background-size":"auto","background-attachment":"scroll","background-type":"","background-media":"","overlay-type":"","overlay-color":"","overlay-opacity":"","overlay-gradient":""}},"ast-content-background-meta":{"desktop":{"background-color":"var(--ast-global-color-5)","background-image":"","background-repeat":"repeat","background-position":"center center","background-size":"auto","background-attachment":"scroll","background-type":"","background-media":"","overlay-type":"","overlay-color":"","overlay-opacity":"","overlay-gradient":""},"tablet":{"background-color":"var(--ast-global-color-5)","background-image":"","background-repeat":"repeat","background-position":"center center","background-size":"auto","background-attachment":"scroll","background-type":"","background-media":"","overlay-type":"","overlay-color":"","overlay-opacity":"","overlay-gradient":""},"mobile":{"background-color":"var(--ast-global-color-5)","background-image":"","background-repeat":"repeat","background-position":"center center","background-size":"auto","background-attachment":"scroll","background-type":"","background-media":"","overlay-type":"","overlay-color":"","overlay-opacity":"","overlay-gradient":""}}},"acf":[],"_links":{"self":[{"href":"https:\/\/oddadigitalsystem.no\/nb\/wp-json\/wp\/v2\/pages\/1482"}],"collection":[{"href":"https:\/\/oddadigitalsystem.no\/nb\/wp-json\/wp\/v2\/pages"}],"about":[{"href":"https:\/\/oddadigitalsystem.no\/nb\/wp-json\/wp\/v2\/types\/page"}],"author":[{"embeddable":true,"href":"https:\/\/oddadigitalsystem.no\/nb\/wp-json\/wp\/v2\/users\/2"}],"replies":[{"embeddable":true,"href":"https:\/\/oddadigitalsystem.no\/nb\/wp-json\/wp\/v2\/comments?post=1482"}],"version-history":[{"count":13,"href":"https:\/\/oddadigitalsystem.no\/nb\/wp-json\/wp\/v2\/pages\/1482\/revisions"}],"predecessor-version":[{"id":1855,"href":"https:\/\/oddadigitalsystem.no\/nb\/wp-json\/wp\/v2\/pages\/1482\/revisions\/1855"}],"wp:attachment":[{"href":"https:\/\/oddadigitalsystem.no\/nb\/wp-json\/wp\/v2\/media?parent=1482"}],"curies":[{"name":"wp","href":"https:\/\/api.w.org\/{rel}","templated":true}]}}